{"id":3057,"date":"2023-06-24T17:21:15","date_gmt":"2023-06-24T14:21:15","guid":{"rendered":"https:\/\/heramedical.com.tr\/?page_id=3057"},"modified":"2023-07-22T20:42:02","modified_gmt":"2023-07-22T17:42:02","slug":"karistirici-uclari","status":"publish","type":"page","link":"https:\/\/heramedical.com.tr\/?page_id=3057","title":{"rendered":"Kar\u0131\u015ft\u0131r\u0131c\u0131 U\u00e7lar\u0131"},"content":{"rendered":"\t\t<div data-elementor-type=\"wp-post\" data-elementor-id=\"3057\" class=\"elementor elementor-3057\">\n\t\t\t\t\t\t<section class=\"elementor-section elementor-top-section elementor-element elementor-element-ddaf61f elementor-section-boxed elementor-section-height-default elementor-section-height-default\" data-id=\"ddaf61f\" data-element_type=\"section\">\n\t\t\t\t\t\t<div class=\"elementor-container elementor-column-gap-default\">\n\t\t\t\t\t<div class=\"elementor-column elementor-col-100 elementor-top-column elementor-element elementor-element-c562299\" data-id=\"c562299\" data-element_type=\"column\">\n\t\t\t<div class=\"elementor-widget-wrap elementor-element-populated\">\n\t\t\t\t\t\t<div class=\"elementor-element elementor-element-4f6f6ec elementor-widget elementor-widget-wil-posts-grid-slider\" data-id=\"4f6f6ec\" data-element_type=\"widget\" data-widget_type=\"wil-posts-grid-slider.default\">\n\t\t\t\t<div class=\"elementor-widget-container\">\n\t\t\t\n\n<div class=\"wil-post-wrapper\">\n    <div class=\"wil-post-grid\" style=\"--col-xs:1;--col-sm:2;--col-md:3;--col-lg:3;--gap-xs:30px;--gap-sm:30px;--gap-md:30px;--gap-lg:30px\">\n              <div class=\"wil-post-col\">\n          <div class=\"wil-post-1 bxsh:0px_4px_15px_rgba(0,0,0,0.08)  group* trs:all_.3s ov:hidden bgz:cover bdrs:10px bgp:center\" style=\"background-image: url('https:\/\/heramedical.com.tr\/wp-content\/uploads\/2023\/07\/KARISTIRICI-UCLARI-2.jpg') \">\n  <div class=\"pos:relative  mb:0 h:100% trs:all_.3s\">\n        <a href=\"https:\/\/heramedical.com.tr\/?p=3282\" class=\"d:block td:none o:none bgc:transparent trs:all_.3s_ease\">\n          <div class=\"mih:1px pos:relative ov:hidden\">\n            <div class=\"h:0 pos:relative\" style=\"padding-top: calc(1 \/ (270 \/ 376) * 100%)\">\n              <div class=\"bgz:cover! pos:absolute t:0 l:0 b:0 r:0 w:100% h:100% z:0\" style=\"background-image: url('https:\/\/heramedical.com.tr\/wp-content\/uploads\/2023\/07\/KARISTIRICI-UCLARI-2.jpg')  bgp:center op:1\"><\/div>\n              <div class=\"bgz:cover! pos:absolute t:0 l:0 b:0 r:0 w:100% h:100% z:0 fil:blur(1px) trs:opacity_.3s_ease-out_.3s\"><\/div>\n            <\/div>\n            <div class=\"op:.2 op:.8*group-hover bgc:#282535 ov:hidden trs:opacity_.2s_ease-in-out pos:absolute t:0 l:0 b:0 r:0\"><\/div>\n          <\/div>\n        <\/a>\n        <div class=\"pos:absolute l:15px r:15px b:15px fz:1rem fw:400 lh:1.7\">\n          <div class=\"p:22px_18px_17px bdrs:10px pos:relative c:#575757 bgc:#fff cnt:()!||af w:8px||af h:8px||af pos:absolute||af t:100%||af l:30px||af bgc:#fff||af bdrs:50%||af trf:translateY(-50%)||af\">\n                            <div class=\"pos:absolute t:0 trf:translateY(-50%)\" >\n                  <a href=\"https:\/\/heramedical.com.tr\/category\/karistirici-uclari\" class=\"fz:12px fw:500 lh:1.4 c:#fff td:none p:5px_10px bdrs:13px bgc:#DE50CD\" style=\"background-color: \">Kar\u0131s\u0327t\u0131r\u0131c\u0131 Uc\u0327lar\u0131<\/a>\n                <\/div>\n                        <h2 class=\"  m:0!\">\n              <a href=\"https:\/\/heramedical.com.tr\/?p=3282\" class=\"wil-post-1__name titleTypo td:none!  fz:18px fw:600 c:#2A2A2A c:blue|h lh:1.5 lines-2\" style=\"\">Kar\u0131\u015ft\u0131r\u0131c\u0131 U\u00e7lar\u0131<\/a>\n            <\/h2>\n            <div class=\"h:0 trs:all_.2s_ease-in-out mt:0 ov:hidden h:6rem*group-hover\">\n                            <div class=\"wil-post-1__text fz:14px lines-3 mt:0.5rem c:rgba(0,0,0,.8) lh:1.7\"><div id='gallery-1' class='gallery galleryid-3057 gallery-columns-3 gallery-size-full'><figure class='gallery-item'>\n\t\t\t<div class='gallery-icon landscape'>\n\t\t\t\t<a href='https:\/\/heramedical.com.tr\/wp-content\/uploads\/2023\/07\/KARISTIRICI-UCLARI.jpg'><img fetchpriority=\"high\" decoding=\"async\" width=\"1080\" height=\"1080\" src=\"https:\/\/heramedical.com.tr\/wp-content\/uploads\/2023\/07\/KARISTIRICI-UCLARI.jpg\" class=\"attachment-full size-full\" alt=\"\" srcset=\"https:\/\/heramedical.com.tr\/wp-content\/uploads\/2023\/07\/KARISTIRICI-UCLARI.jpg 1080w, https:\/\/heramedical.com.tr\/wp-content\/uploads\/2023\/07\/KARISTIRICI-UCLARI-300x300.jpg 300w, https:\/\/heramedical.com.tr\/wp-content\/uploads\/2023\/07\/KARISTIRICI-UCLARI-1024x1024.jpg 1024w, https:\/\/heramedical.com.tr\/wp-content\/uploads\/2023\/07\/KARISTIRICI-UCLARI-150x150.jpg 150w, https:\/\/heramedical.com.tr\/wp-content\/uploads\/2023\/07\/KARISTIRICI-UCLARI-768x768.jpg 768w, https:\/\/heramedical.com.tr\/wp-content\/uploads\/2023\/07\/KARISTIRICI-UCLARI-270x270.jpg 270w, https:\/\/heramedical.com.tr\/wp-content\/uploads\/2023\/07\/KARISTIRICI-UCLARI-600x600.jpg 600w, https:\/\/heramedical.com.tr\/wp-content\/uploads\/2023\/07\/KARISTIRICI-UCLARI-100x100.jpg 100w\" sizes=\"(max-width: 1080px) 100vw, 1080px\" \/><\/a>\n\t\t\t<\/div><\/figure><figure class='gallery-item'>\n\t\t\t<div class='gallery-icon landscape'>\n\t\t\t\t<a href='https:\/\/heramedical.com.tr\/wp-content\/uploads\/2023\/07\/KARISTIRICI-UCLARI-3.jpg'><img decoding=\"async\" width=\"1080\" height=\"1080\" src=\"https:\/\/heramedical.com.tr\/wp-content\/uploads\/2023\/07\/KARISTIRICI-UCLARI-3.jpg\" class=\"attachment-full size-full\" alt=\"\" srcset=\"https:\/\/heramedical.com.tr\/wp-content\/uploads\/2023\/07\/KARISTIRICI-UCLARI-3.jpg 1080w, https:\/\/heramedical.com.tr\/wp-content\/uploads\/2023\/07\/KARISTIRICI-UCLARI-3-300x300.jpg 300w, https:\/\/heramedical.com.tr\/wp-content\/uploads\/2023\/07\/KARISTIRICI-UCLARI-3-1024x1024.jpg 1024w, https:\/\/heramedical.com.tr\/wp-content\/uploads\/2023\/07\/KARISTIRICI-UCLARI-3-150x150.jpg 150w, https:\/\/heramedical.com.tr\/wp-content\/uploads\/2023\/07\/KARISTIRICI-UCLARI-3-768x768.jpg 768w, https:\/\/heramedical.com.tr\/wp-content\/uploads\/2023\/07\/KARISTIRICI-UCLARI-3-270x270.jpg 270w, https:\/\/heramedical.com.tr\/wp-content\/uploads\/2023\/07\/KARISTIRICI-UCLARI-3-600x600.jpg 600w, https:\/\/heramedical.com.tr\/wp-content\/uploads\/2023\/07\/KARISTIRICI-UCLARI-3-100x100.jpg 100w\" sizes=\"(max-width: 1080px) 100vw, 1080px\" \/><\/a>\n\t\t\t<\/div><\/figure><figure class='gallery-item'>\n\t\t\t<div class='gallery-icon landscape'>\n\t\t\t\t<a href='https:\/\/heramedical.com.tr\/wp-content\/uploads\/2023\/07\/KARISTIRICI-UCLARI-2-1.jpg'><img decoding=\"async\" width=\"1080\" height=\"1080\" src=\"https:\/\/heramedical.com.tr\/wp-content\/uploads\/2023\/07\/KARISTIRICI-UCLARI-2-1.jpg\" class=\"attachment-full size-full\" alt=\"\" srcset=\"https:\/\/heramedical.com.tr\/wp-content\/uploads\/2023\/07\/KARISTIRICI-UCLARI-2-1.jpg 1080w, https:\/\/heramedical.com.tr\/wp-content\/uploads\/2023\/07\/KARISTIRICI-UCLARI-2-1-300x300.jpg 300w, https:\/\/heramedical.com.tr\/wp-content\/uploads\/2023\/07\/KARISTIRICI-UCLARI-2-1-1024x1024.jpg 1024w, https:\/\/heramedical.com.tr\/wp-content\/uploads\/2023\/07\/KARISTIRICI-UCLARI-2-1-150x150.jpg 150w, https:\/\/heramedical.com.tr\/wp-content\/uploads\/2023\/07\/KARISTIRICI-UCLARI-2-1-768x768.jpg 768w, https:\/\/heramedical.com.tr\/wp-content\/uploads\/2023\/07\/KARISTIRICI-UCLARI-2-1-270x270.jpg 270w, https:\/\/heramedical.com.tr\/wp-content\/uploads\/2023\/07\/KARISTIRICI-UCLARI-2-1-600x600.jpg 600w, https:\/\/heramedical.com.tr\/wp-content\/uploads\/2023\/07\/KARISTIRICI-UCLARI-2-1-100x100.jpg 100w\" sizes=\"(max-width: 1080px) 100vw, 1080px\" \/><\/a>\n\t\t\t<\/div><\/figure>\n\t\t<\/div>\n<\/div>\n              KARTAL\n            <\/div>\n          <\/div>\n        <\/div>\n      <\/div>\n<\/div>\n        <\/div>\n          <\/div>\n  <\/div>\n\n\t\t<\/div>\n\t\t\t\t<\/div>\n\t\t\t\t\t<\/div>\n\t\t<\/div>\n\t\t\t\t\t<\/div>\n\t\t<\/section>\n\t\t\t\t<\/div>\n\t\t","protected":false},"excerpt":{"rendered":"<p>Kar\u0131s\u0327t\u0131r\u0131c\u0131 Uc\u0327lar\u0131 Kar\u0131\u015ft\u0131r\u0131c\u0131 U\u00e7lar\u0131 KARTAL<\/p>\n","protected":false},"author":1,"featured_media":0,"parent":0,"menu_order":0,"comment_status":"closed","ping_status":"closed","template":"elementor_header_footer","meta":{"footnotes":""},"acf":[],"_links":{"self":[{"href":"https:\/\/heramedical.com.tr\/index.php?rest_route=\/wp\/v2\/pages\/3057"}],"collection":[{"href":"https:\/\/heramedical.com.tr\/index.php?rest_route=\/wp\/v2\/pages"}],"about":[{"href":"https:\/\/heramedical.com.tr\/index.php?rest_route=\/wp\/v2\/types\/page"}],"author":[{"embeddable":true,"href":"https:\/\/heramedical.com.tr\/index.php?rest_route=\/wp\/v2\/users\/1"}],"replies":[{"embeddable":true,"href":"https:\/\/heramedical.com.tr\/index.php?rest_route=%2Fwp%2Fv2%2Fcomments&post=3057"}],"version-history":[{"count":17,"href":"https:\/\/heramedical.com.tr\/index.php?rest_route=\/wp\/v2\/pages\/3057\/revisions"}],"predecessor-version":[{"id":3573,"href":"https:\/\/heramedical.com.tr\/index.php?rest_route=\/wp\/v2\/pages\/3057\/revisions\/3573"}],"wp:attachment":[{"href":"https:\/\/heramedical.com.tr\/index.php?rest_route=%2Fwp%2Fv2%2Fmedia&parent=3057"}],"curies":[{"name":"wp","href":"https:\/\/api.w.org\/{rel}","templated":true}]}}