{"id":3055,"date":"2023-06-24T17:21:14","date_gmt":"2023-06-24T14:21:14","guid":{"rendered":"https:\/\/heramedical.com.tr\/?page_id=3055"},"modified":"2024-03-04T17:02:59","modified_gmt":"2024-03-04T14:02:59","slug":"onlukler","status":"publish","type":"page","link":"https:\/\/heramedical.com.tr\/?page_id=3055","title":{"rendered":"\u00d6nl\u00fckler"},"content":{"rendered":"\t\t<div data-elementor-type=\"wp-post\" data-elementor-id=\"3055\" class=\"elementor elementor-3055\">\n\t\t\t\t\t\t<section class=\"elementor-section elementor-top-section elementor-element elementor-element-ddaf61f elementor-section-boxed elementor-section-height-default elementor-section-height-default\" data-id=\"ddaf61f\" data-element_type=\"section\">\n\t\t\t\t\t\t<div class=\"elementor-container elementor-column-gap-default\">\n\t\t\t\t\t<div class=\"elementor-column elementor-col-100 elementor-top-column elementor-element elementor-element-c562299\" data-id=\"c562299\" data-element_type=\"column\">\n\t\t\t<div class=\"elementor-widget-wrap elementor-element-populated\">\n\t\t\t\t\t\t<div class=\"elementor-element elementor-element-7bd232e elementor-widget elementor-widget-wil-posts-grid-slider\" data-id=\"7bd232e\" data-element_type=\"widget\" data-widget_type=\"wil-posts-grid-slider.default\">\n\t\t\t\t<div class=\"elementor-widget-container\">\n\t\t\t\n\n<div class=\"wil-post-wrapper\">\n    <div class=\"wil-post-grid\" style=\"--col-xs:1;--col-sm:2;--col-md:3;--col-lg:3;--gap-xs:30px;--gap-sm:30px;--gap-md:30px;--gap-lg:30px\">\n              <div class=\"wil-post-col\">\n          <div class=\"wil-post-1 bxsh:0px_4px_15px_rgba(0,0,0,0.08)  group* trs:all_.3s ov:hidden bgz:cover bdrs:10px bgp:center\" style=\"background-image: url('https:\/\/heramedical.com.tr\/wp-content\/uploads\/2024\/01\/steril-hekim-onlugu_.png') \">\n  <div class=\"pos:relative  mb:0 h:100% trs:all_.3s\">\n        <a href=\"https:\/\/heramedical.com.tr\/?p=3769\" class=\"d:block td:none o:none bgc:transparent trs:all_.3s_ease\">\n          <div class=\"mih:1px pos:relative ov:hidden\">\n            <div class=\"h:0 pos:relative\" style=\"padding-top: calc(1 \/ (270 \/ 376) * 100%)\">\n              <div class=\"bgz:cover! pos:absolute t:0 l:0 b:0 r:0 w:100% h:100% z:0\" style=\"background-image: url('https:\/\/heramedical.com.tr\/wp-content\/uploads\/2024\/01\/steril-hekim-onlugu_.png')  bgp:center op:1\"><\/div>\n              <div class=\"bgz:cover! pos:absolute t:0 l:0 b:0 r:0 w:100% h:100% z:0 fil:blur(1px) trs:opacity_.3s_ease-out_.3s\"><\/div>\n            <\/div>\n            <div class=\"op:.2 op:.8*group-hover bgc:#282535 ov:hidden trs:opacity_.2s_ease-in-out pos:absolute t:0 l:0 b:0 r:0\"><\/div>\n          <\/div>\n        <\/a>\n        <div class=\"pos:absolute l:15px r:15px b:15px fz:1rem fw:400 lh:1.7\">\n          <div class=\"p:22px_18px_17px bdrs:10px pos:relative c:#575757 bgc:#fff cnt:()!||af w:8px||af h:8px||af pos:absolute||af t:100%||af l:30px||af bgc:#fff||af bdrs:50%||af trf:translateY(-50%)||af\">\n                            <div class=\"pos:absolute t:0 trf:translateY(-50%)\" >\n                  <a href=\"https:\/\/heramedical.com.tr\/category\/onlukler\" class=\"fz:12px fw:500 lh:1.4 c:#fff td:none p:5px_10px bdrs:13px bgc:#DE50CD\" style=\"background-color: \">\u00d6nl\u00fckler<\/a>\n                <\/div>\n                        <h2 class=\"  m:0!\">\n              <a href=\"https:\/\/heramedical.com.tr\/?p=3769\" class=\"wil-post-1__name titleTypo td:none!  fz:18px fw:600 c:#2A2A2A c:blue|h lh:1.5 lines-2\" style=\"\">Non Steril Cerrahi Hekim \u00d6nl\u00fc\u011f\u00fc<\/a>\n            <\/h2>\n            <div class=\"h:0 trs:all_.2s_ease-in-out mt:0 ov:hidden h:6rem*group-hover\">\n                            <div class=\"wil-post-1__text fz:14px lines-3 mt:0.5rem c:rgba(0,0,0,.8) lh:1.7\"><p class=\"p1\">Steril Cerrahi Hekim \u00d6nl\u00fc\u011f\u00fc<span class=\"Apple-converted-space\">\u00a0<\/span><\/p>\r\n<p class=\"p1\">\u00d6nl\u00fck \u00d6zellikleri: Sterildir. Non woven malzemeden \u00fcretilmi\u015ftir. SMS Kuma\u015ftan \u00fcretilmi\u015ftir Su ge\u00e7irmez \u00f6zelliktedir. Mavi Renktir<\/p><\/div>\n              KARTAL\n            <\/div>\n          <\/div>\n        <\/div>\n      <\/div>\n<\/div>\n        <\/div>\n              <div class=\"wil-post-col\">\n          <div class=\"wil-post-1 bxsh:0px_4px_15px_rgba(0,0,0,0.08)  group* trs:all_.3s ov:hidden bgz:cover bdrs:10px bgp:center\" style=\"background-image: url('https:\/\/heramedical.com.tr\/wp-content\/uploads\/2024\/01\/steril-hekim-onlugu_.png') \">\n  <div class=\"pos:relative  mb:0 h:100% trs:all_.3s\">\n        <a href=\"https:\/\/heramedical.com.tr\/?p=3767\" class=\"d:block td:none o:none bgc:transparent trs:all_.3s_ease\">\n          <div class=\"mih:1px pos:relative ov:hidden\">\n            <div class=\"h:0 pos:relative\" style=\"padding-top: calc(1 \/ (270 \/ 376) * 100%)\">\n              <div class=\"bgz:cover! pos:absolute t:0 l:0 b:0 r:0 w:100% h:100% z:0\" style=\"background-image: url('https:\/\/heramedical.com.tr\/wp-content\/uploads\/2024\/01\/steril-hekim-onlugu_.png')  bgp:center op:1\"><\/div>\n              <div class=\"bgz:cover! pos:absolute t:0 l:0 b:0 r:0 w:100% h:100% z:0 fil:blur(1px) trs:opacity_.3s_ease-out_.3s\"><\/div>\n            <\/div>\n            <div class=\"op:.2 op:.8*group-hover bgc:#282535 ov:hidden trs:opacity_.2s_ease-in-out pos:absolute t:0 l:0 b:0 r:0\"><\/div>\n          <\/div>\n        <\/a>\n        <div class=\"pos:absolute l:15px r:15px b:15px fz:1rem fw:400 lh:1.7\">\n          <div class=\"p:22px_18px_17px bdrs:10px pos:relative c:#575757 bgc:#fff cnt:()!||af w:8px||af h:8px||af pos:absolute||af t:100%||af l:30px||af bgc:#fff||af bdrs:50%||af trf:translateY(-50%)||af\">\n                            <div class=\"pos:absolute t:0 trf:translateY(-50%)\" >\n                  <a href=\"https:\/\/heramedical.com.tr\/category\/onlukler\" class=\"fz:12px fw:500 lh:1.4 c:#fff td:none p:5px_10px bdrs:13px bgc:#DE50CD\" style=\"background-color: \">\u00d6nl\u00fckler<\/a>\n                <\/div>\n                        <h2 class=\"  m:0!\">\n              <a href=\"https:\/\/heramedical.com.tr\/?p=3767\" class=\"wil-post-1__name titleTypo td:none!  fz:18px fw:600 c:#2A2A2A c:blue|h lh:1.5 lines-2\" style=\"\">Steril Cerrahi Hekim \u00d6nl\u00fc\u011f\u00fc<\/a>\n            <\/h2>\n            <div class=\"h:0 trs:all_.2s_ease-in-out mt:0 ov:hidden h:6rem*group-hover\">\n                            <div class=\"wil-post-1__text fz:14px lines-3 mt:0.5rem c:rgba(0,0,0,.8) lh:1.7\"><p class=\"p1\">Steril Cerrahi Hekim \u00d6nl\u00fc\u011f\u00fc<span class=\"Apple-converted-space\">\u00a0<\/span><\/p>\r\n<p class=\"p1\">\u00d6nl\u00fck \u00d6zellikleri: Sterildir. Non woven malzemeden \u00fcretilmi\u015ftir. SMS Kuma\u015ftan \u00fcretilmi\u015ftir Su ge\u00e7irmez \u00f6zelliktedir. Mavi Renktir<\/p><\/div>\n              KARTAL\n            <\/div>\n          <\/div>\n        <\/div>\n      <\/div>\n<\/div>\n        <\/div>\n              <div class=\"wil-post-col\">\n          <div class=\"wil-post-1 bxsh:0px_4px_15px_rgba(0,0,0,0.08)  group* trs:all_.3s ov:hidden bgz:cover bdrs:10px bgp:center\" style=\"background-image: url('https:\/\/heramedical.com.tr\/wp-content\/uploads\/2023\/07\/rulo-hasta-onlugu-80-yaprak-.jpg') \">\n  <div class=\"pos:relative  mb:0 h:100% trs:all_.3s\">\n        <a href=\"https:\/\/heramedical.com.tr\/?p=3285\" class=\"d:block td:none o:none bgc:transparent trs:all_.3s_ease\">\n          <div class=\"mih:1px pos:relative ov:hidden\">\n            <div class=\"h:0 pos:relative\" style=\"padding-top: calc(1 \/ (270 \/ 376) * 100%)\">\n              <div class=\"bgz:cover! pos:absolute t:0 l:0 b:0 r:0 w:100% h:100% z:0\" style=\"background-image: url('https:\/\/heramedical.com.tr\/wp-content\/uploads\/2023\/07\/rulo-hasta-onlugu-80-yaprak-.jpg')  bgp:center op:1\"><\/div>\n              <div class=\"bgz:cover! pos:absolute t:0 l:0 b:0 r:0 w:100% h:100% z:0 fil:blur(1px) trs:opacity_.3s_ease-out_.3s\"><\/div>\n            <\/div>\n            <div class=\"op:.2 op:.8*group-hover bgc:#282535 ov:hidden trs:opacity_.2s_ease-in-out pos:absolute t:0 l:0 b:0 r:0\"><\/div>\n          <\/div>\n        <\/a>\n        <div class=\"pos:absolute l:15px r:15px b:15px fz:1rem fw:400 lh:1.7\">\n          <div class=\"p:22px_18px_17px bdrs:10px pos:relative c:#575757 bgc:#fff cnt:()!||af w:8px||af h:8px||af pos:absolute||af t:100%||af l:30px||af bgc:#fff||af bdrs:50%||af trf:translateY(-50%)||af\">\n                            <div class=\"pos:absolute t:0 trf:translateY(-50%)\" >\n                  <a href=\"https:\/\/heramedical.com.tr\/category\/onlukler\" class=\"fz:12px fw:500 lh:1.4 c:#fff td:none p:5px_10px bdrs:13px bgc:#DE50CD\" style=\"background-color: \">\u00d6nl\u00fckler<\/a>\n                <\/div>\n                        <h2 class=\"  m:0!\">\n              <a href=\"https:\/\/heramedical.com.tr\/?p=3285\" class=\"wil-post-1__name titleTypo td:none!  fz:18px fw:600 c:#2A2A2A c:blue|h lh:1.5 lines-2\" style=\"\">Rulo Hasta \u00d6nl\u00fc\u011f\u00fc<\/a>\n            <\/h2>\n            <div class=\"h:0 trs:all_.2s_ease-in-out mt:0 ov:hidden h:6rem*group-hover\">\n                            <div class=\"wil-post-1__text fz:14px lines-3 mt:0.5rem c:rgba(0,0,0,.8) lh:1.7\"><ul>\r\n \t<li style=\"font-weight: 400;\" aria-level=\"1\">\u00d6zellikleri Yerli \u00fcretimdir. Bir rulosunda 80 adet bulunur. Dental rulo hasta \u00f6nl\u00fc\u011f\u00fc ebatlar\u0131 50*60 cm dir. Dental hasta \u00f6nl\u00fcg\u00fc rengi beyazd\u0131r. Dental rulo hasta \u00f6nl\u00fcg\u00fcn\u00fc arka y\u00fcz\u00fc laminasyonludur. Kolisinde 30 Rulo Bulunmaktad\u0131r<\/li>\r\n<\/ul><\/div>\n              KARTAL\n            <\/div>\n          <\/div>\n        <\/div>\n      <\/div>\n<\/div>\n        <\/div>\n              <div class=\"wil-post-col\">\n          <div class=\"wil-post-1 bxsh:0px_4px_15px_rgba(0,0,0,0.08)  group* trs:all_.3s ov:hidden bgz:cover bdrs:10px bgp:center\" style=\"background-image: url('https:\/\/heramedical.com.tr\/wp-content\/uploads\/2023\/07\/implant-ortu-seti-2.jpg') \">\n  <div class=\"pos:relative  mb:0 h:100% trs:all_.3s\">\n        <a href=\"https:\/\/heramedical.com.tr\/?p=3281\" class=\"d:block td:none o:none bgc:transparent trs:all_.3s_ease\">\n          <div class=\"mih:1px pos:relative ov:hidden\">\n            <div class=\"h:0 pos:relative\" style=\"padding-top: calc(1 \/ (270 \/ 376) * 100%)\">\n              <div class=\"bgz:cover! pos:absolute t:0 l:0 b:0 r:0 w:100% h:100% z:0\" style=\"background-image: url('https:\/\/heramedical.com.tr\/wp-content\/uploads\/2023\/07\/implant-ortu-seti-2.jpg')  bgp:center op:1\"><\/div>\n              <div class=\"bgz:cover! pos:absolute t:0 l:0 b:0 r:0 w:100% h:100% z:0 fil:blur(1px) trs:opacity_.3s_ease-out_.3s\"><\/div>\n            <\/div>\n            <div class=\"op:.2 op:.8*group-hover bgc:#282535 ov:hidden trs:opacity_.2s_ease-in-out pos:absolute t:0 l:0 b:0 r:0\"><\/div>\n          <\/div>\n        <\/a>\n        <div class=\"pos:absolute l:15px r:15px b:15px fz:1rem fw:400 lh:1.7\">\n          <div class=\"p:22px_18px_17px bdrs:10px pos:relative c:#575757 bgc:#fff cnt:()!||af w:8px||af h:8px||af pos:absolute||af t:100%||af l:30px||af bgc:#fff||af bdrs:50%||af trf:translateY(-50%)||af\">\n                            <div class=\"pos:absolute t:0 trf:translateY(-50%)\" >\n                  <a href=\"https:\/\/heramedical.com.tr\/category\/onlukler\" class=\"fz:12px fw:500 lh:1.4 c:#fff td:none p:5px_10px bdrs:13px bgc:#DE50CD\" style=\"background-color: \">\u00d6nl\u00fckler<\/a>\n                <\/div>\n                        <h2 class=\"  m:0!\">\n              <a href=\"https:\/\/heramedical.com.tr\/?p=3281\" class=\"wil-post-1__name titleTypo td:none!  fz:18px fw:600 c:#2A2A2A c:blue|h lh:1.5 lines-2\" style=\"\">\u0130mplant \u00d6rt\u00fc Seti<\/a>\n            <\/h2>\n            <div class=\"h:0 trs:all_.2s_ease-in-out mt:0 ov:hidden h:6rem*group-hover\">\n                            <div class=\"wil-post-1__text fz:14px lines-3 mt:0.5rem c:rgba(0,0,0,.8) lh:1.7\"><ul>\r\n \t<li style=\"font-weight: 400;\" aria-level=\"1\">Sa\u011fl\u0131k Bakanl\u011f\u0131 onayl\u0131d\u0131r. Sterildir Set \u0130\u00e7eri\u011fi : Tabla \u00d6rt\u00fcs\u00fc \/ Alet Masa \u00d6rt\u00fcs\u00fc 75*75 Span\u00e7 5\u00d75 cm \/ 10 Adet Reflekt\u00f6r Tutaca\u011f\u0131 x 2 Adet Sak\u015f\u0131n \/ Aspirat\u00f6r K\u0131l\u0131f\u0131 x 2 Adet Hasta \u00d6nl\u00fc\u011f\u00fc 80 x 90 cm At\u0131k Torbas\u0131 El Kurulama Havlusu 25\u00d740 cm \/ 2 Adet<\/li>\r\n<\/ul><\/div>\n              KARTAL\n            <\/div>\n          <\/div>\n        <\/div>\n      <\/div>\n<\/div>\n        <\/div>\n          <\/div>\n  <\/div>\n\n\t\t<\/div>\n\t\t\t\t<\/div>\n\t\t\t\t\t<\/div>\n\t\t<\/div>\n\t\t\t\t\t<\/div>\n\t\t<\/section>\n\t\t\t\t<\/div>\n\t\t","protected":false},"excerpt":{"rendered":"<p>\u00d6nl\u00fckler Non Steril Cerrahi Hekim \u00d6nl\u00fc\u011f\u00fc Steril Cerrahi Hekim \u00d6nl\u00fc\u011f\u00fc\u00a0 \u00d6nl\u00fck \u00d6zellikleri: Sterildir. Non woven malzemeden \u00fcretilmi\u015ftir. SMS Kuma\u015ftan \u00fcretilmi\u015ftir Su ge\u00e7irmez \u00f6zelliktedir. Mavi Renktir KARTAL \u00d6nl\u00fckler Steril Cerrahi Hekim \u00d6nl\u00fc\u011f\u00fc Steril Cerrahi Hekim \u00d6nl\u00fc\u011f\u00fc\u00a0 \u00d6nl\u00fck \u00d6zellikleri: Sterildir. Non woven malzemeden \u00fcretilmi\u015ftir. SMS Kuma\u015ftan \u00fcretilmi\u015ftir Su ge\u00e7irmez \u00f6zelliktedir. Mavi Renktir KARTAL \u00d6nl\u00fckler Rulo Hasta \u00d6nl\u00fc\u011f\u00fc [&hellip;]<\/p>\n","protected":false},"author":1,"featured_media":0,"parent":0,"menu_order":0,"comment_status":"closed","ping_status":"closed","template":"elementor_header_footer","meta":{"footnotes":""},"acf":[],"_links":{"self":[{"href":"https:\/\/heramedical.com.tr\/index.php?rest_route=\/wp\/v2\/pages\/3055"}],"collection":[{"href":"https:\/\/heramedical.com.tr\/index.php?rest_route=\/wp\/v2\/pages"}],"about":[{"href":"https:\/\/heramedical.com.tr\/index.php?rest_route=\/wp\/v2\/types\/page"}],"author":[{"embeddable":true,"href":"https:\/\/heramedical.com.tr\/index.php?rest_route=\/wp\/v2\/users\/1"}],"replies":[{"embeddable":true,"href":"https:\/\/heramedical.com.tr\/index.php?rest_route=%2Fwp%2Fv2%2Fcomments&post=3055"}],"version-history":[{"count":20,"href":"https:\/\/heramedical.com.tr\/index.php?rest_route=\/wp\/v2\/pages\/3055\/revisions"}],"predecessor-version":[{"id":3828,"href":"https:\/\/heramedical.com.tr\/index.php?rest_route=\/wp\/v2\/pages\/3055\/revisions\/3828"}],"wp:attachment":[{"href":"https:\/\/heramedical.com.tr\/index.php?rest_route=%2Fwp%2Fv2%2Fmedia&parent=3055"}],"curies":[{"name":"wp","href":"https:\/\/api.w.org\/{rel}","templated":true}]}}