{"id":3049,"date":"2023-06-24T17:20:16","date_gmt":"2023-06-24T14:20:16","guid":{"rendered":"https:\/\/heramedical.com.tr\/?page_id=3049"},"modified":"2024-03-04T17:04:15","modified_gmt":"2024-03-04T14:04:15","slug":"elsodent-phoenix","status":"publish","type":"page","link":"https:\/\/heramedical.com.tr\/?page_id=3049","title":{"rendered":"Elsodent Phoenix Ge\u00e7ici Kuron ve K\u00f6pr\u00fc Materyali"},"content":{"rendered":"\t\t<div data-elementor-type=\"wp-post\" data-elementor-id=\"3049\" class=\"elementor elementor-3049\">\n\t\t\t\t\t\t<section class=\"elementor-section elementor-top-section elementor-element elementor-element-ddaf61f elementor-section-boxed elementor-section-height-default elementor-section-height-default\" data-id=\"ddaf61f\" data-element_type=\"section\">\n\t\t\t\t\t\t<div class=\"elementor-container elementor-column-gap-default\">\n\t\t\t\t\t<div class=\"elementor-column elementor-col-100 elementor-top-column elementor-element elementor-element-c562299\" data-id=\"c562299\" data-element_type=\"column\">\n\t\t\t<div class=\"elementor-widget-wrap elementor-element-populated\">\n\t\t\t\t\t\t<div class=\"elementor-element elementor-element-9a73fe9 elementor-widget elementor-widget-wil-posts-grid-slider\" data-id=\"9a73fe9\" data-element_type=\"widget\" data-widget_type=\"wil-posts-grid-slider.default\">\n\t\t\t\t<div class=\"elementor-widget-container\">\n\t\t\t\n\n<div class=\"wil-post-wrapper\">\n    <div class=\"wil-post-grid\" style=\"--col-xs:1;--col-sm:2;--col-md:3;--col-lg:3;--gap-xs:30px;--gap-sm:30px;--gap-md:30px;--gap-lg:30px\">\n              <div class=\"wil-post-col\">\n          <div class=\"wil-post-1 bxsh:0px_4px_15px_rgba(0,0,0,0.08)  group* trs:all_.3s ov:hidden bgz:cover bdrs:10px bgp:center\" style=\"background-image: url('https:\/\/heramedical.com.tr\/wp-content\/uploads\/2024\/01\/VVV.png') \">\n  <div class=\"pos:relative  mb:0 h:100% trs:all_.3s\">\n        <a href=\"https:\/\/heramedical.com.tr\/?p=3711\" class=\"d:block td:none o:none bgc:transparent trs:all_.3s_ease\">\n          <div class=\"mih:1px pos:relative ov:hidden\">\n            <div class=\"h:0 pos:relative\" style=\"padding-top: calc(1 \/ (270 \/ 376) * 100%)\">\n              <div class=\"bgz:cover! pos:absolute t:0 l:0 b:0 r:0 w:100% h:100% z:0\" style=\"background-image: url('https:\/\/heramedical.com.tr\/wp-content\/uploads\/2024\/01\/VVV.png')  bgp:center op:1\"><\/div>\n              <div class=\"bgz:cover! pos:absolute t:0 l:0 b:0 r:0 w:100% h:100% z:0 fil:blur(1px) trs:opacity_.3s_ease-out_.3s\"><\/div>\n            <\/div>\n            <div class=\"op:.2 op:.8*group-hover bgc:#282535 ov:hidden trs:opacity_.2s_ease-in-out pos:absolute t:0 l:0 b:0 r:0\"><\/div>\n          <\/div>\n        <\/a>\n        <div class=\"pos:absolute l:15px r:15px b:15px fz:1rem fw:400 lh:1.7\">\n          <div class=\"p:22px_18px_17px bdrs:10px pos:relative c:#575757 bgc:#fff cnt:()!||af w:8px||af h:8px||af pos:absolute||af t:100%||af l:30px||af bgc:#fff||af bdrs:50%||af trf:translateY(-50%)||af\">\n                            <div class=\"pos:absolute t:0 trf:translateY(-50%)\" >\n                  <a href=\"https:\/\/heramedical.com.tr\/category\/elsodent-phoenix-gecici-kuron-ve-kopru-materyali\" class=\"fz:12px fw:500 lh:1.4 c:#fff td:none p:5px_10px bdrs:13px bgc:#DE50CD\" style=\"background-color: \">Elsodent Phoenix Gec\u0327ici Kuron ve Ko\u0308pru\u0308 Materyali<\/a>\n                <\/div>\n                        <h2 class=\"  m:0!\">\n              <a href=\"https:\/\/heramedical.com.tr\/?p=3711\" class=\"wil-post-1__name titleTypo td:none!  fz:18px fw:600 c:#2A2A2A c:blue|h lh:1.5 lines-2\" style=\"\">Elsodent A1<\/a>\n            <\/h2>\n            <div class=\"h:0 trs:all_.2s_ease-in-out mt:0 ov:hidden h:6rem*group-hover\">\n                            <div class=\"wil-post-1__text fz:14px lines-3 mt:0.5rem c:rgba(0,0,0,.8) lh:1.7\"><p class=\"p1\">Elsodent Phoenix Ge\u00e7ici Kuron ve K\u00f6pr\u00fc Materyali<\/p>\r\n<p class=\"p1\">Bi-akrilik rezin<\/p>\r\n<p class=\"p1\">HEMA, TEGDMA, BisGMA ihtiva etmez.<\/p>\r\n<p class=\"p1\">Avantajlar\u0131:<\/p>\r\n<p class=\"p1\">Y\u00fcksek b\u00fck\u00fclme direnci &gt; 100 MPa<\/p>\r\n<p class=\"p1\">\u00c7ok ince oksijen inhibisyon tabakas\u0131 nedeniyle benzer \u00fcr\u00fcnlere k\u0131yasla polimerize olan materyal hemen hemen kuru olacakt\u0131r.<\/p>\r\n<p class=\"p1\">Kullan\u0131m\u0131 kolayd\u0131r.<\/p>\r\n<p class=\"p1\">Endikasyonlar\u0131:<\/p>\r\n<p class=\"p1\">\u0130ND\u0130REKT METOD<\/p>\r\n<p class=\"p1\">Ge\u00e7ici k\u0131sa k\u00f6pr\u00fcler ve ge\u00e7ici kuronlar.<\/p>\r\n<p class=\"p1\">Hastadan di\u015f kesimi yap\u0131lmadan \u00f6nce al\u0131nan silikon \u00f6l\u00e7\u00fc maddesi i\u00e7erisine uygulan\u0131r.<\/p>\r\n<p class=\"p1\">Polimerizasyondan sonra tesviye ve cila yap\u0131larak ge\u00e7ici olarak simante edilir.<\/p>\r\n<p class=\"p1\">SealTemp S ile simante edilmesi tavsiye edilir.<\/p>\r\n<p class=\"p1\">Paket i\u00e7eri\u011fi: Elsodent \u2013 Phoenix Ge\u00e7ici Kuron ve K\u00f6pr\u00fc Materyali 50 ML + 10 adet kar\u0131\u015ft\u0131rma ucu<\/p><\/div>\n              KARTAL\n            <\/div>\n          <\/div>\n        <\/div>\n      <\/div>\n<\/div>\n        <\/div>\n              <div class=\"wil-post-col\">\n          <div class=\"wil-post-1 bxsh:0px_4px_15px_rgba(0,0,0,0.08)  group* trs:all_.3s ov:hidden bgz:cover bdrs:10px bgp:center\" style=\"background-image: url('https:\/\/heramedical.com.tr\/wp-content\/uploads\/2023\/07\/Elsodent-Phoenix-Gecici-Kuron-ve-Kopru-Materyali.jpg') \">\n  <div class=\"pos:relative  mb:0 h:100% trs:all_.3s\">\n        <a href=\"https:\/\/heramedical.com.tr\/?p=3215\" class=\"d:block td:none o:none bgc:transparent trs:all_.3s_ease\">\n          <div class=\"mih:1px pos:relative ov:hidden\">\n            <div class=\"h:0 pos:relative\" style=\"padding-top: calc(1 \/ (270 \/ 376) * 100%)\">\n              <div class=\"bgz:cover! pos:absolute t:0 l:0 b:0 r:0 w:100% h:100% z:0\" style=\"background-image: url('https:\/\/heramedical.com.tr\/wp-content\/uploads\/2023\/07\/Elsodent-Phoenix-Gecici-Kuron-ve-Kopru-Materyali.jpg')  bgp:center op:1\"><\/div>\n              <div class=\"bgz:cover! pos:absolute t:0 l:0 b:0 r:0 w:100% h:100% z:0 fil:blur(1px) trs:opacity_.3s_ease-out_.3s\"><\/div>\n            <\/div>\n            <div class=\"op:.2 op:.8*group-hover bgc:#282535 ov:hidden trs:opacity_.2s_ease-in-out pos:absolute t:0 l:0 b:0 r:0\"><\/div>\n          <\/div>\n        <\/a>\n        <div class=\"pos:absolute l:15px r:15px b:15px fz:1rem fw:400 lh:1.7\">\n          <div class=\"p:22px_18px_17px bdrs:10px pos:relative c:#575757 bgc:#fff cnt:()!||af w:8px||af h:8px||af pos:absolute||af t:100%||af l:30px||af bgc:#fff||af bdrs:50%||af trf:translateY(-50%)||af\">\n                            <div class=\"pos:absolute t:0 trf:translateY(-50%)\" >\n                  <a href=\"https:\/\/heramedical.com.tr\/category\/elsodent-phoenix-gecici-kuron-ve-kopru-materyali\" class=\"fz:12px fw:500 lh:1.4 c:#fff td:none p:5px_10px bdrs:13px bgc:#DE50CD\" style=\"background-color: \">Elsodent Phoenix Gec\u0327ici Kuron ve Ko\u0308pru\u0308 Materyali<\/a>\n                <\/div>\n                        <h2 class=\"  m:0!\">\n              <a href=\"https:\/\/heramedical.com.tr\/?p=3215\" class=\"wil-post-1__name titleTypo td:none!  fz:18px fw:600 c:#2A2A2A c:blue|h lh:1.5 lines-2\" style=\"\">Elsodent Phoenix Ge\u00e7i\u00e7i Kuron<\/a>\n            <\/h2>\n            <div class=\"h:0 trs:all_.2s_ease-in-out mt:0 ov:hidden h:6rem*group-hover\">\n                            <div class=\"wil-post-1__text fz:14px lines-3 mt:0.5rem c:rgba(0,0,0,.8) lh:1.7\">Elsodent Phoenix Ge\u00e7ici Kuron ve K\u00f6pr\u00fc Materyali Bi-akrilik rezin HEMA, TEGDMA, BisGMA ihtiva etmez. Avantajlar\u0131: Y\u00fcksek b\u00fck\u00fclme direnci &gt; 100 MPa \u00c7ok ince oksijen inhibisyon tabakas\u0131 nedeniyle benzer \u00fcr\u00fcnlere k\u0131yasla polimerize olan materyal hemen hemen kuru olacakt\u0131r. Kullan\u0131m\u0131 kolayd\u0131r. Endikasyonlar\u0131: \u0130ND\u0130REKT METOD Ge\u00e7ici k\u0131sa k\u00f6pr\u00fcler ve ge\u00e7ici kuronlar. Hastadan di\u015f kesimi yap\u0131lmadan \u00f6nce al\u0131nan silikon \u00f6l\u00e7\u00fc maddesi i\u00e7erisine uygulan\u0131r. Polimerizasyondan sonra tesviye ve cila yap\u0131larak ge\u00e7ici olarak simante edilir. SealTemp S ile simante edilmesi tavsiye edilir. Paket i\u00e7eri\u011fi: Elsodent \u2013 Phoenix Ge\u00e7ici Kuron ve K\u00f6pr\u00fc Materyali 50 ML + 10 adet kar\u0131\u015ft\u0131rma ucu<\/div>\n              KARTAL\n            <\/div>\n          <\/div>\n        <\/div>\n      <\/div>\n<\/div>\n        <\/div>\n          <\/div>\n  <\/div>\n\n\t\t<\/div>\n\t\t\t\t<\/div>\n\t\t\t\t\t<\/div>\n\t\t<\/div>\n\t\t\t\t\t<\/div>\n\t\t<\/section>\n\t\t\t\t<\/div>\n\t\t","protected":false},"excerpt":{"rendered":"<p>Elsodent Phoenix Gec\u0327ici Kuron ve Ko\u0308pru\u0308 Materyali Elsodent A1 Elsodent Phoenix Ge\u00e7ici Kuron ve K\u00f6pr\u00fc Materyali Bi-akrilik rezin HEMA, TEGDMA, BisGMA ihtiva etmez. Avantajlar\u0131: Y\u00fcksek b\u00fck\u00fclme direnci &gt; 100 MPa \u00c7ok ince oksijen inhibisyon tabakas\u0131 nedeniyle benzer \u00fcr\u00fcnlere k\u0131yasla polimerize olan materyal hemen hemen kuru olacakt\u0131r. Kullan\u0131m\u0131 kolayd\u0131r. Endikasyonlar\u0131: \u0130ND\u0130REKT METOD Ge\u00e7ici k\u0131sa k\u00f6pr\u00fcler ve [&hellip;]<\/p>\n","protected":false},"author":1,"featured_media":0,"parent":0,"menu_order":0,"comment_status":"closed","ping_status":"closed","template":"elementor_header_footer","meta":{"footnotes":""},"acf":[],"_links":{"self":[{"href":"https:\/\/heramedical.com.tr\/index.php?rest_route=\/wp\/v2\/pages\/3049"}],"collection":[{"href":"https:\/\/heramedical.com.tr\/index.php?rest_route=\/wp\/v2\/pages"}],"about":[{"href":"https:\/\/heramedical.com.tr\/index.php?rest_route=\/wp\/v2\/types\/page"}],"author":[{"embeddable":true,"href":"https:\/\/heramedical.com.tr\/index.php?rest_route=\/wp\/v2\/users\/1"}],"replies":[{"embeddable":true,"href":"https:\/\/heramedical.com.tr\/index.php?rest_route=%2Fwp%2Fv2%2Fcomments&post=3049"}],"version-history":[{"count":17,"href":"https:\/\/heramedical.com.tr\/index.php?rest_route=\/wp\/v2\/pages\/3049\/revisions"}],"predecessor-version":[{"id":3837,"href":"https:\/\/heramedical.com.tr\/index.php?rest_route=\/wp\/v2\/pages\/3049\/revisions\/3837"}],"wp:attachment":[{"href":"https:\/\/heramedical.com.tr\/index.php?rest_route=%2Fwp%2Fv2%2Fmedia&parent=3049"}],"curies":[{"name":"wp","href":"https:\/\/api.w.org\/{rel}","templated":true}]}}