{"id":2595,"date":"2019-05-27T03:22:44","date_gmt":"2019-05-27T00:22:44","guid":{"rendered":"http:\/\/bdevs.net\/theme\/medidove\/?page_id=9"},"modified":"2025-01-08T14:54:55","modified_gmt":"2025-01-08T11:54:55","slug":"anasayfa","status":"publish","type":"page","link":"https:\/\/heramedical.com.tr\/","title":{"rendered":"Anasayfa"},"content":{"rendered":"\t\t<div data-elementor-type=\"wp-post\" data-elementor-id=\"2595\" class=\"elementor elementor-2595\">\n\t\t\t\t\t\t<section class=\"elementor-section elementor-top-section elementor-element elementor-element-cbd6017 elementor-section-full_width elementor-section-height-default elementor-section-height-default\" data-id=\"cbd6017\" data-element_type=\"section\">\n\t\t\t\t\t\t<div class=\"elementor-container elementor-column-gap-no\">\n\t\t\t\t\t<div class=\"elementor-column elementor-col-100 elementor-top-column elementor-element elementor-element-75fc5fb\" data-id=\"75fc5fb\" data-element_type=\"column\">\n\t\t\t<div class=\"elementor-widget-wrap elementor-element-populated\">\n\t\t\t\t\t\t<div class=\"elementor-element elementor-element-ff1f49e elementor-widget elementor-widget-bdevs-slider\" data-id=\"ff1f49e\" data-element_type=\"widget\" data-widget_type=\"bdevs-slider.default\">\n\t\t\t\t<div class=\"elementor-widget-container\">\n\t\t\t\n\t\t        <section class=\"hero-area\">\n            <div class=\"hero-slider\">\n                <div class=\"slider-active\">\n\t\t\t\t\t\t\t\t\n\t\t\t\t\t\n\t\t\t\t\t\n\t\t\t\t\t\t\t\t\t\t                    <div class=\"single-slider slider-height d-flex align-items-center \" data-background=\"https:\/\/heramedical.com.tr\/wp-content\/uploads\/2023\/06\/4444.png\">\n                        <div class=\"container\">\n                            <div class=\"row\">\n                                <div class=\"col-xl-6 col-lg-8 col-md-10\">\n                                    <div class=\"hero-text tp-el-content\">\n                                        <div class=\"hero-slider-caption \">\n\t\t\t\t\t\t\t\t\t\t\t\t\t\t\t\t\t\t\t\t\t<h5 class=\"tp-el-subtitle\" data-animation=\"fadeInUp\" data-delay=\".2s\">#heradental<\/h5>\n\t\t\t\t\t\t\t\t\t\t\t\t\t\t\t\t\t\t\t\t\t\n\n\t\t\t\t\t\t\t\t\t\t\t\t\t\t\t\t\t\t\t\t\t<h2 class=\"tp-slider-title tp-el-title\" data-animation=\"fadeInUp\" data-delay=\".4s\">T\u00dcK\u00dcR\u00dcK EM\u0130C\u0130 SUCTION<\/h2>\n\t\t\t\t\t\t\t\t\t\t                                            \n\t\t\t\t\t\t\t\t\t\t\t\t\t\t\t\t\t\t\t\t\t<p data-animation=\"fadeInUp\" data-delay=\".6s\">TEK KULLANIMLIK T\u00dcK\u00dcR\u00dcK EM\u0130C\u0130(NORMAL SAK\u015eIN) -B\u0130R PO\u015eET \u0130\u00c7ER\u0130S\u0130NDE (\u0130STE\u011eE G\u00d6RE RENKL\u0130)ASP\u0130RAT\u00d6R UCU BULUNMAKTADIR. -100 L\u00dcK PO\u015eETLER HAL\u0130NDE OLUP,\u0130STEN\u0130LEN \u015eEKLE G\u0130REB\u0130LMEKTED\u0130R. <\/p>\n\t\t\t\t\t\t\t\t\t\t                                        <\/div>\n\n\t\t\t\t\t\t\t\t\t\t\n                                        <div class=\"hero-slider-btn\">\n                                        \t                                            <a class=\"btn btn-icon ml-0 tp-el-btn\" href=\"https:\/\/heramedical.com.tr\/tukuruk-emici-suction\/\" target=\"_self\" data-animation=\"fadeInLeft\" data-delay=\".6s\">\n                                            \t<span><i class=\"fal fa-plus\"><\/i><\/span>\n                                            \t\n                                            \tDetaylar                                            <\/a>\n                                            \n\t\t\t\t\t\t\t\t\t\t\t                                        <\/div>\n\n                                    <\/div>\n                                <\/div>\n                            <\/div>\n                        <\/div>\n                    <\/div>\n\t\t\t\t\t\n\t\t\t\t\t\n\t\t\t\t\t\n\t\t\t\t\t\t\t\t\t\t                    <div class=\"single-slider slider-height d-flex align-items-center \" data-background=\"https:\/\/heramedical.com.tr\/wp-content\/uploads\/2023\/06\/3.png\">\n                        <div class=\"container\">\n                            <div class=\"row\">\n                                <div class=\"col-xl-6 col-lg-8 col-md-10\">\n                                    <div class=\"hero-text tp-el-content\">\n                                        <div class=\"hero-slider-caption \">\n\t\t\t\t\t\t\t\t\t\t\t\t\t\t\t\t\t\t\t\t\t<h5 class=\"tp-el-subtitle\" data-animation=\"fadeInUp\" data-delay=\".2s\">We are here for your care.<\/h5>\n\t\t\t\t\t\t\t\t\t\t\t\t\t\t\t\t\t\t\t\t\t\n\n\t\t\t\t\t\t\t\t\t\t\t\t\t\t\t\t\t\t\t\t\t<h2 class=\"tp-slider-title tp-el-title\" data-animation=\"fadeInUp\" data-delay=\".4s\">IPS EMPRESS<\/h2>\n\t\t\t\t\t\t\t\t\t\t                                            \n\t\t\t\t\t\t\t\t\t\t                                        <\/div>\n\n\t\t\t\t\t\t\t\t\t\t\n                                        <div class=\"hero-slider-btn\">\n                                        \t\n\t\t\t\t\t\t\t\t\t\t\t                                        <\/div>\n\n                                    <\/div>\n                                <\/div>\n                            <\/div>\n                        <\/div>\n                    <\/div>\n\t\t\t\t\t                <\/div>\n            <\/div>\n        <\/section>\n       \t\n\t\t\t<\/div>\n\t\t\t\t<\/div>\n\t\t\t\t\t<\/div>\n\t\t<\/div>\n\t\t\t\t\t<\/div>\n\t\t<\/section>\n\t\t\t\t<section class=\"elementor-section elementor-top-section elementor-element elementor-element-c6a6733 elementor-section-full_width elementor-section-height-default elementor-section-height-default\" data-id=\"c6a6733\" data-element_type=\"section\">\n\t\t\t\t\t\t<div class=\"elementor-container elementor-column-gap-no\">\n\t\t\t\t\t<div class=\"elementor-column elementor-col-100 elementor-top-column elementor-element elementor-element-dfad350\" data-id=\"dfad350\" data-element_type=\"column\">\n\t\t\t<div class=\"elementor-widget-wrap\">\n\t\t\t\t\t\t\t<\/div>\n\t\t<\/div>\n\t\t\t\t\t<\/div>\n\t\t<\/section>\n\t\t\t\t<section class=\"elementor-section elementor-top-section elementor-element elementor-element-24af8da elementor-section-boxed elementor-section-height-default elementor-section-height-default\" data-id=\"24af8da\" data-element_type=\"section\">\n\t\t\t\t\t\t<div class=\"elementor-container elementor-column-gap-default\">\n\t\t\t\t\t<div class=\"elementor-column elementor-col-100 elementor-top-column elementor-element elementor-element-7589bfd\" data-id=\"7589bfd\" data-element_type=\"column\">\n\t\t\t<div class=\"elementor-widget-wrap elementor-element-populated\">\n\t\t\t\t\t\t<div class=\"elementor-element elementor-element-a8b550d elementor-align-center elementor-widget elementor-widget-bdevs-heading\" data-id=\"a8b550d\" data-element_type=\"widget\" data-widget_type=\"bdevs-heading.default\">\n\t\t\t\t<div class=\"elementor-widget-container\">\n\t\t\t            <div class=\"section-title pos-rel tp-el-content\">\n\n            \t\t\n\n                <div class=\"section-text pos-rel\">\n\t\t\t\t\t\t\n\n                    \t\t\t\t\t<h2 class=\"sec-title tp-el-title\">\u00dcr\u00fcnlerimiz<\/h2>\n\t\t\t\t\t\n\t\t\t\t\t\t\t\n                <\/div>\n\n\t\t\t\t            <\/div>\n\n        \t\t\n\t\t\t<\/div>\n\t\t\t\t<\/div>\n\t\t\t\t\t<\/div>\n\t\t<\/div>\n\t\t\t\t\t<\/div>\n\t\t<\/section>\n\t\t\t\t<section class=\"elementor-section elementor-top-section elementor-element elementor-element-96debe9 elementor-section-full_width elementor-section-height-default elementor-section-height-default\" data-id=\"96debe9\" data-element_type=\"section\">\n\t\t\t\t\t\t<div class=\"elementor-container elementor-column-gap-no\">\n\t\t\t\t\t<div class=\"elementor-column elementor-col-100 elementor-top-column elementor-element elementor-element-9f26a08\" data-id=\"9f26a08\" data-element_type=\"column\">\n\t\t\t<div class=\"elementor-widget-wrap elementor-element-populated\">\n\t\t\t\t\t\t<div class=\"elementor-element elementor-element-d23064e elementor-align-left elementor-widget elementor-widget-bdevs-blog-post\" data-id=\"d23064e\" data-element_type=\"widget\" data-widget_type=\"bdevs-blog-post.default\">\n\t\t\t\t<div class=\"elementor-widget-container\">\n\t\t\t\n        <section class=\"latest-news-area\">\n            <div class=\"container\">\n                <div class=\"row\">\n\n                \t\t\t                    <div class=\"col-xl-4 col-lg-6 col-md-6\">\n\t\t                        <div class=\"latest-news-box mb-30\">\n\t\t                            <div class=\"latest-news-thumb mb-30\">\n\t\t                                <img fetchpriority=\"high\" decoding=\"async\" width=\"270\" height=\"270\" src=\"https:\/\/heramedical.com.tr\/wp-content\/uploads\/2024\/02\/fdfdf.png\" class=\"attachment-370x270 size-370x270 wp-post-image\" alt=\"\" srcset=\"https:\/\/heramedical.com.tr\/wp-content\/uploads\/2024\/02\/fdfdf.png 1000w, https:\/\/heramedical.com.tr\/wp-content\/uploads\/2024\/02\/fdfdf-300x300.png 300w, https:\/\/heramedical.com.tr\/wp-content\/uploads\/2024\/02\/fdfdf-150x150.png 150w, https:\/\/heramedical.com.tr\/wp-content\/uploads\/2024\/02\/fdfdf-768x768.png 768w, https:\/\/heramedical.com.tr\/wp-content\/uploads\/2024\/02\/fdfdf-270x270.png 270w, https:\/\/heramedical.com.tr\/wp-content\/uploads\/2024\/02\/fdfdf-600x600.png 600w, https:\/\/heramedical.com.tr\/wp-content\/uploads\/2024\/02\/fdfdf-100x100.png 100w\" sizes=\"(max-width: 270px) 100vw, 270px\" \/>\t\t                            <\/div>\n\t\t                            <div class=\"latest-news-content\">\n\t\t\t\t\t\t\t            <div class=\"news-meta mb-15\">\n\t\t\t\t\t\t\t                <span>\n\t\t\t\t\t\t\t                    <a href=\"https:\/\/heramedical.com.tr\/?author=1\">\n\t\t\t\t\t\t\t                        <i class=\"far fa-user\"><\/i> admin\t\t\t\t\t\t\t                    <\/a>\n\t\t\t\t\t\t\t                <\/span>\n\t\t\t\t\t\t\t                <span><i class=\"far fa-calendar-check\"><\/i> 9 \u015eubat 2024 <\/span>\n\t\t\t\t\t\t\t            <\/div>\n\t\t                                <h3><a href=\"https:\/\/heramedical.com.tr\/?p=3804\">2ML Uzun Gri Kilitsiz Dental Enjekt\u00f6r<\/a><\/h3>\n\t\t                                <p>Ayset 2cc-3\/P (0.40x50mm) Luerlock (Kilitsizi) Uzun Gri \u0130\u011fneli Dental Enjekt\u00f6r 250 li 1 Kutu 2 ml (3P 0.40 x 50 mm)<\/p>\n\t\t                            <\/div>\n\t\t                        <\/div>\n\t\t                    <\/div>\n\t                    \t\t                    <div class=\"col-xl-4 col-lg-6 col-md-6\">\n\t\t                        <div class=\"latest-news-box mb-30\">\n\t\t                            <div class=\"latest-news-thumb mb-30\">\n\t\t                                <img decoding=\"async\" width=\"270\" height=\"270\" src=\"https:\/\/heramedical.com.tr\/wp-content\/uploads\/2024\/02\/9af58389015c03e63110ef0c968d8cf1.webp\" class=\"attachment-370x270 size-370x270 wp-post-image\" alt=\"\" srcset=\"https:\/\/heramedical.com.tr\/wp-content\/uploads\/2024\/02\/9af58389015c03e63110ef0c968d8cf1.webp 1000w, https:\/\/heramedical.com.tr\/wp-content\/uploads\/2024\/02\/9af58389015c03e63110ef0c968d8cf1-300x300.webp 300w, https:\/\/heramedical.com.tr\/wp-content\/uploads\/2024\/02\/9af58389015c03e63110ef0c968d8cf1-150x150.webp 150w, https:\/\/heramedical.com.tr\/wp-content\/uploads\/2024\/02\/9af58389015c03e63110ef0c968d8cf1-768x768.webp 768w, https:\/\/heramedical.com.tr\/wp-content\/uploads\/2024\/02\/9af58389015c03e63110ef0c968d8cf1-270x270.webp 270w, https:\/\/heramedical.com.tr\/wp-content\/uploads\/2024\/02\/9af58389015c03e63110ef0c968d8cf1-600x600.webp 600w, https:\/\/heramedical.com.tr\/wp-content\/uploads\/2024\/02\/9af58389015c03e63110ef0c968d8cf1-100x100.webp 100w\" sizes=\"(max-width: 270px) 100vw, 270px\" \/>\t\t                            <\/div>\n\t\t                            <div class=\"latest-news-content\">\n\t\t\t\t\t\t\t            <div class=\"news-meta mb-15\">\n\t\t\t\t\t\t\t                <span>\n\t\t\t\t\t\t\t                    <a href=\"https:\/\/heramedical.com.tr\/?author=1\">\n\t\t\t\t\t\t\t                        <i class=\"far fa-user\"><\/i> admin\t\t\t\t\t\t\t                    <\/a>\n\t\t\t\t\t\t\t                <\/span>\n\t\t\t\t\t\t\t                <span><i class=\"far fa-calendar-check\"><\/i> 9 \u015eubat 2024 <\/span>\n\t\t\t\t\t\t\t            <\/div>\n\t\t                                <h3><a href=\"https:\/\/heramedical.com.tr\/?p=3800\">2ML K\u0131sa Kilitsiz Dental Enjekt\u00f6r<\/a><\/h3>\n\t\t                                <p>Ayset 2cc-3\/P (0.40x50mm) Luerlock (Kilitsizi) Uzun Gri \u0130\u011fneli Dental Enjekt\u00f6r 300 li 1 Kutu 2 ml (3P 0.40 x 50 mm)<\/p>\n\t\t                            <\/div>\n\t\t                        <\/div>\n\t\t                    <\/div>\n\t                    \t\t                    <div class=\"col-xl-4 col-lg-6 col-md-6\">\n\t\t                        <div class=\"latest-news-box mb-30\">\n\t\t                            <div class=\"latest-news-thumb mb-30\">\n\t\t                                <img decoding=\"async\" width=\"270\" height=\"270\" src=\"https:\/\/heramedical.com.tr\/wp-content\/uploads\/2024\/02\/ayset-2cc-luerlock-kilitli-gri-uzun-uc-dental-enjektor-250-adet-pf273175726.webp\" class=\"attachment-370x270 size-370x270 wp-post-image\" alt=\"\" srcset=\"https:\/\/heramedical.com.tr\/wp-content\/uploads\/2024\/02\/ayset-2cc-luerlock-kilitli-gri-uzun-uc-dental-enjektor-250-adet-pf273175726.webp 800w, https:\/\/heramedical.com.tr\/wp-content\/uploads\/2024\/02\/ayset-2cc-luerlock-kilitli-gri-uzun-uc-dental-enjektor-250-adet-pf273175726-300x300.webp 300w, https:\/\/heramedical.com.tr\/wp-content\/uploads\/2024\/02\/ayset-2cc-luerlock-kilitli-gri-uzun-uc-dental-enjektor-250-adet-pf273175726-150x150.webp 150w, https:\/\/heramedical.com.tr\/wp-content\/uploads\/2024\/02\/ayset-2cc-luerlock-kilitli-gri-uzun-uc-dental-enjektor-250-adet-pf273175726-768x768.webp 768w, https:\/\/heramedical.com.tr\/wp-content\/uploads\/2024\/02\/ayset-2cc-luerlock-kilitli-gri-uzun-uc-dental-enjektor-250-adet-pf273175726-270x270.webp 270w, https:\/\/heramedical.com.tr\/wp-content\/uploads\/2024\/02\/ayset-2cc-luerlock-kilitli-gri-uzun-uc-dental-enjektor-250-adet-pf273175726-600x600.webp 600w, https:\/\/heramedical.com.tr\/wp-content\/uploads\/2024\/02\/ayset-2cc-luerlock-kilitli-gri-uzun-uc-dental-enjektor-250-adet-pf273175726-100x100.webp 100w\" sizes=\"(max-width: 270px) 100vw, 270px\" \/>\t\t                            <\/div>\n\t\t                            <div class=\"latest-news-content\">\n\t\t\t\t\t\t\t            <div class=\"news-meta mb-15\">\n\t\t\t\t\t\t\t                <span>\n\t\t\t\t\t\t\t                    <a href=\"https:\/\/heramedical.com.tr\/?author=1\">\n\t\t\t\t\t\t\t                        <i class=\"far fa-user\"><\/i> admin\t\t\t\t\t\t\t                    <\/a>\n\t\t\t\t\t\t\t                <\/span>\n\t\t\t\t\t\t\t                <span><i class=\"far fa-calendar-check\"><\/i> 9 \u015eubat 2024 <\/span>\n\t\t\t\t\t\t\t            <\/div>\n\t\t                                <h3><a href=\"https:\/\/heramedical.com.tr\/?p=3797\">2ML K\u0131sa Kilitli Dental Enjekt\u00f6r<\/a><\/h3>\n\t\t                                <p>Ayset 2cc-3\/P (0.40x50mm) Luerlock (Kilitli) Uzun Gri \u0130\u011fneli Dental Enjekt\u00f6r 300 li 1 Kutu 2 ml (3P 0.40 x 50 mm)<\/p>\n\t\t                            <\/div>\n\t\t                        <\/div>\n\t\t                    <\/div>\n\t                                    <\/div>\n            <\/div>\n        <\/section>\n\t\t\t\t\t<\/div>\n\t\t\t\t<\/div>\n\t\t\t\t<div class=\"elementor-element elementor-element-bb58f6c elementor-align-left elementor-widget elementor-widget-bdevs-about\" data-id=\"bb58f6c\" data-element_type=\"widget\" data-widget_type=\"bdevs-about.default\">\n\t\t\t\t<div class=\"elementor-widget-container\">\n\t\t\t        <section class=\"about-area\">\n            <div class=\"container\">\n                <div class=\"row\">\n                    <div class=\"col-xl-6 col-lg-5\">\n                    \t                        <div class=\"about-left-side pos-rel mb-30\">\n                            <div class=\"about-front-img\">\n                                \t\t\t\t\t\t\t\t   <img decoding=\"async\" src=\"https:\/\/heramedical.com.tr\/wp-content\/uploads\/2023\/06\/dentist-hands-holding-endodontic-endomotor-handpiece-scaled.jpg\" alt=\"Hera Medikal\">\n\t\t\t\t\t\t\t\t                            <\/div>\n\n                                                    <\/div>\n                    <\/div>\n                    <div class=\"col-xl-6 col-lg-7\">\n                        <div class=\"about-right-side tp-el-content pt-55 mb-30\">\n                            <div class=\"about-title mb-20\">\n\t\t\t\t\t\t\t\t\t\t\t\t\t\t\t\t<h5 class=\"tp-el-subtitle\">Hera Medikal<\/h5>\n\t\t\t\t\t\t\t\t\t \n\n\t\t\t\t\t\t\t\t\t\t\t\t\t\t\t\t<h2 class=\"sec-title tp-el-title\">Hakk\u0131m\u0131zda<\/h2>\n\t\t\t\t\t\t\t\t\t\n                            <\/div>\n                            <div class=\"about-text\">\n                               <p>Sa\u011fl\u0131k sekt\u00f6r\u00fcn\u00fc \u015fekillendiren; yeni ve kaliteli markalar\u0131n \u00f6nc\u00fcl\u00fc\u011f\u00fcn\u00fc \u00fcstlenerek daha iyi bir ya\u015fam\u0131n standartlar\u0131n\u0131 olu\u015fturmak i\u00e7in \u00e7al\u0131\u015fan Hera Medikal, Genel merkezi Adana\u2019da olup b\u00fct\u00fcn T\u00fcrkiye'ye hizmet vermektedir.<\/p><p>M\u00fc\u015fterilerinin yan\u0131 s\u0131ra \u00e7al\u0131\u015fanlar\u0131, i\u015f ortaklar\u0131 ve hatta rakipleri i\u00e7in bir tutkuya d\u00f6n\u00fc\u015fecek, s\u0131n\u0131f\u0131n\u0131n en iyisi ya\u015fam tarz\u0131 markalar\u0131n\u0131 b\u00fcnyesinde bar\u0131nd\u0131ran Hera Medikal, \u00e7al\u0131\u015ft\u0131\u011f\u0131 alanlarda kalite hedefiyle \u00e7al\u0131\u015fmalar\u0131na devam etmektedir.<\/p><p>Dental sekt\u00f6rde faaliyet g\u00f6steren Hera Medikal ayr\u0131ca medikal market olarakta hizmet vermektedir.<\/p><p>Hera Medikal ula\u015ft\u0131\u011f\u0131 ba\u015far\u0131n\u0131n arkas\u0131nda, m\u00fc\u015fteri odakl\u0131 ve verimlili\u011fi merkez alan bir y\u00f6netim yakla\u015f\u0131m\u0131 yer almaktad\u0131r. Bu yakla\u015f\u0131m\u0131n bir sonucu olarak, d\u00fcnya \u00f6l\u00e7e\u011finde sayg\u0131n markalarla yapt\u0131\u011f\u0131 i\u015f birlikleriyle, Sa\u011fl\u0131k sekt\u00f6r\u00fcn\u00fc b\u00fct\u00fcn T\u00fcrkiye'de temsil etmektedir.<\/p><p>T\u00fcrkiye\u2019de Dental Sekt\u00f6rde de\u011fi\u015fimin \u00f6nc\u00fcleri aras\u0131nda yer alan Hera Medikal, sahip oldu\u011fu geni\u015f \u00fcr\u00fcn a\u011f\u0131 ve kaliteli markalarla hedeflerine ula\u015fmada en iyi \u015fekilde de\u011ferlendirmektedir<\/p>                            <\/div>\n\t\t\t\t\t\t\t                            <div class=\"about-author d-flex align-items-center\">\n\t\t\t\t\t\t\t\t                                <div class=\"author-ava\">\n\t\t\t\t\t\t\t\t\t<img decoding=\"async\" src=\"https:\/\/heramedical.com.tr\/wp-content\/uploads\/2023\/06\/LOGO.png\" alt=\"img not found\">\n                                <\/div>\n                                \n                                <div class=\"author-desination\">\n\t\t\t\t\t\t\t\t\t\t \n\n\t\t\t\t\t\t\t\t\t\t\n                                <\/div>\n                            <\/div>\n                        <\/div>\n                    <\/div>\n                <\/div>\n            <\/div>\n        <\/section>\n\t\t\t\n\t\t\t<\/div>\n\t\t\t\t<\/div>\n\t\t\t\t\t<\/div>\n\t\t<\/div>\n\t\t\t\t\t<\/div>\n\t\t<\/section>\n\t\t\t\t<section class=\"elementor-section elementor-top-section elementor-element elementor-element-4692f58 elementor-section-full_width elementor-section-height-default elementor-section-height-default\" data-id=\"4692f58\" data-element_type=\"section\">\n\t\t\t\t\t\t<div class=\"elementor-container elementor-column-gap-no\">\n\t\t\t\t\t<div class=\"elementor-column elementor-col-100 elementor-top-column elementor-element elementor-element-badb9d0\" data-id=\"badb9d0\" data-element_type=\"column\">\n\t\t\t<div class=\"elementor-widget-wrap elementor-element-populated\">\n\t\t\t\t\t\t<div class=\"elementor-element elementor-element-b5f6fd0 elementor-widget elementor-widget-spacer\" data-id=\"b5f6fd0\" data-element_type=\"widget\" data-widget_type=\"spacer.default\">\n\t\t\t\t<div class=\"elementor-widget-container\">\n\t\t\t<style>\/*! elementor - v3.19.0 - 28-02-2024 *\/\n.elementor-column .elementor-spacer-inner{height:var(--spacer-size)}.e-con{--container-widget-width:100%}.e-con-inner>.elementor-widget-spacer,.e-con>.elementor-widget-spacer{width:var(--container-widget-width,var(--spacer-size));--align-self:var(--container-widget-align-self,initial);--flex-shrink:0}.e-con-inner>.elementor-widget-spacer>.elementor-widget-container,.e-con>.elementor-widget-spacer>.elementor-widget-container{height:100%;width:100%}.e-con-inner>.elementor-widget-spacer>.elementor-widget-container>.elementor-spacer,.e-con>.elementor-widget-spacer>.elementor-widget-container>.elementor-spacer{height:100%}.e-con-inner>.elementor-widget-spacer>.elementor-widget-container>.elementor-spacer>.elementor-spacer-inner,.e-con>.elementor-widget-spacer>.elementor-widget-container>.elementor-spacer>.elementor-spacer-inner{height:var(--container-widget-height,var(--spacer-size))}.e-con-inner>.elementor-widget-spacer.elementor-widget-empty,.e-con>.elementor-widget-spacer.elementor-widget-empty{position:relative;min-height:22px;min-width:22px}.e-con-inner>.elementor-widget-spacer.elementor-widget-empty .elementor-widget-empty-icon,.e-con>.elementor-widget-spacer.elementor-widget-empty .elementor-widget-empty-icon{position:absolute;top:0;bottom:0;left:0;right:0;margin:auto;padding:0;width:22px;height:22px}<\/style>\t\t<div class=\"elementor-spacer\">\n\t\t\t<div class=\"elementor-spacer-inner\"><\/div>\n\t\t<\/div>\n\t\t\t\t<\/div>\n\t\t\t\t<\/div>\n\t\t\t\t\t<\/div>\n\t\t<\/div>\n\t\t\t\t\t<\/div>\n\t\t<\/section>\n\t\t\t\t<\/div>\n\t\t","protected":false},"excerpt":{"rendered":"<p>#heradental T\u00dcK\u00dcR\u00dcK EM\u0130C\u0130 SUCTION TEK KULLANIMLIK T\u00dcK\u00dcR\u00dcK EM\u0130C\u0130(NORMAL SAK\u015eIN) -B\u0130R PO\u015eET \u0130\u00c7ER\u0130S\u0130NDE (\u0130STE\u011eE G\u00d6RE RENKL\u0130)ASP\u0130RAT\u00d6R UCU BULUNMAKTADIR. -100 L\u00dcK PO\u015eETLER HAL\u0130NDE OLUP,\u0130STEN\u0130LEN \u015eEKLE G\u0130REB\u0130LMEKTED\u0130R. Detaylar We are here for your care. IPS EMPRESS \u00dcr\u00fcnlerimiz admin 9 \u015eubat 2024 2ML Uzun Gri Kilitsiz Dental Enjekt\u00f6r Ayset 2cc-3\/P (0.40x50mm) Luerlock (Kilitsizi) Uzun Gri \u0130\u011fneli Dental Enjekt\u00f6r 250 [&hellip;]<\/p>\n","protected":false},"author":1,"featured_media":0,"parent":0,"menu_order":0,"comment_status":"closed","ping_status":"closed","template":"elementor_header_footer","meta":{"footnotes":""},"acf":[],"_links":{"self":[{"href":"https:\/\/heramedical.com.tr\/index.php?rest_route=\/wp\/v2\/pages\/2595"}],"collection":[{"href":"https:\/\/heramedical.com.tr\/index.php?rest_route=\/wp\/v2\/pages"}],"about":[{"href":"https:\/\/heramedical.com.tr\/index.php?rest_route=\/wp\/v2\/types\/page"}],"author":[{"embeddable":true,"href":"https:\/\/heramedical.com.tr\/index.php?rest_route=\/wp\/v2\/users\/1"}],"replies":[{"embeddable":true,"href":"https:\/\/heramedical.com.tr\/index.php?rest_route=%2Fwp%2Fv2%2Fcomments&post=2595"}],"version-history":[{"count":53,"href":"https:\/\/heramedical.com.tr\/index.php?rest_route=\/wp\/v2\/pages\/2595\/revisions"}],"predecessor-version":[{"id":3853,"href":"https:\/\/heramedical.com.tr\/index.php?rest_route=\/wp\/v2\/pages\/2595\/revisions\/3853"}],"wp:attachment":[{"href":"https:\/\/heramedical.com.tr\/index.php?rest_route=%2Fwp%2Fv2%2Fmedia&parent=2595"}],"curies":[{"name":"wp","href":"https:\/\/api.w.org\/{rel}","templated":true}]}}