{"id":18,"date":"2019-05-27T03:24:13","date_gmt":"2019-05-27T00:24:13","guid":{"rendered":"http:\/\/bdevs.net\/theme\/medidove\/?page_id=18"},"modified":"2023-06-23T09:27:06","modified_gmt":"2023-06-23T06:27:06","slug":"iletisim","status":"publish","type":"page","link":"https:\/\/heramedical.com.tr\/?page_id=18","title":{"rendered":"\u0130leti\u015fim"},"content":{"rendered":"\t\t<div data-elementor-type=\"wp-post\" data-elementor-id=\"18\" class=\"elementor elementor-18\">\n\t\t\t\t\t\t<section class=\"elementor-section elementor-top-section elementor-element elementor-element-03af5f6 elementor-section-full_width elementor-section-height-default elementor-section-height-default\" data-id=\"03af5f6\" data-element_type=\"section\">\n\t\t\t\t\t\t<div class=\"elementor-container elementor-column-gap-no\">\n\t\t\t\t\t<div class=\"elementor-column elementor-col-100 elementor-top-column elementor-element elementor-element-92e40ef\" data-id=\"92e40ef\" data-element_type=\"column\">\n\t\t\t<div class=\"elementor-widget-wrap elementor-element-populated\">\n\t\t\t\t\t\t<div class=\"elementor-element elementor-element-c4a555a elementor-align-left elementor-widget elementor-widget-bdevs-contact-info\" data-id=\"c4a555a\" data-element_type=\"widget\" data-widget_type=\"bdevs-contact-info.default\">\n\t\t\t\t<div class=\"elementor-widget-container\">\n\t\t\t\n\t   \t<section class=\"contact-area\">\n            <div class=\"container\">\n                <div class=\"row\">\n\t\t\t\t\t                    <div class=\"col-xl-4 col-lg-4 col-md-4\">\n                        <div class=\"contact text-center mb-30\">\n                        \t                            \t<i class=\"fas fa-envelope\"><\/i>\n                        \t\t\n                            \t\t\t\t\t\t\t\t<h3>E Posta<\/h3>\n\t\t\t\t\t\t\t\t\n\n                            \t\t\t\t\t\t\t\t<p>info@heramedical.com.tr<\/p>\n\t\t\t\t\t\t\t\t\n                        <\/div>\n                    <\/div>\n                                        <div class=\"col-xl-4 col-lg-4 col-md-4\">\n                        <div class=\"contact text-center mb-30\">\n                        \t                            \t<i class=\"fas fa-map-marker-alt\"><\/i>\n                        \t\t\n                            \t\t\t\t\t\t\t\t<h3>Adres<\/h3>\n\t\t\t\t\t\t\t\t\n\n                            \t\t\t\t\t\t\t\t<p>Cemalpa\u015fa Mah. Mustafa G\u00fcm\u00fc\u015f Damla Sok. Alt\u0131n Apt. B Blok Kat:3 Daire 7  Seyhan\/ ADANA<\/p>\n\t\t\t\t\t\t\t\t\n                        <\/div>\n                    <\/div>\n                                        <div class=\"col-xl-4 col-lg-4 col-md-4\">\n                        <div class=\"contact text-center mb-30\">\n                        \t                            \t<i class=\"fas fa-phone\"><\/i>\n                        \t\t\n                            \t\t\t\t\t\t\t\t<h3>Telefon<\/h3>\n\t\t\t\t\t\t\t\t\n\n                            \t\t\t\t\t\t\t\t<p>0549 256 53 21<\/p>\n\t\t\t\t\t\t\t\t\n                        <\/div>\n                    <\/div>\n                    \t\n                <\/div>\n            <\/div>\n        <\/section>\n        \t\n\t\t\t<\/div>\n\t\t\t\t<\/div>\n\t\t\t\t\t<\/div>\n\t\t<\/div>\n\t\t\t\t\t<\/div>\n\t\t<\/section>\n\t\t\t\t<section class=\"elementor-section elementor-top-section elementor-element elementor-element-e76ed49 elementor-section-boxed elementor-section-height-default elementor-section-height-default\" data-id=\"e76ed49\" data-element_type=\"section\" data-settings=\"{&quot;background_background&quot;:&quot;classic&quot;}\">\n\t\t\t\t\t\t<div class=\"elementor-container elementor-column-gap-default\">\n\t\t\t\t\t<div class=\"elementor-column elementor-col-100 elementor-top-column elementor-element elementor-element-5b9c9a6\" data-id=\"5b9c9a6\" data-element_type=\"column\">\n\t\t\t<div class=\"elementor-widget-wrap elementor-element-populated\">\n\t\t\t\t\t\t<div class=\"elementor-element elementor-element-b9c803c elementor-align-center elementor-widget elementor-widget-bdevs-heading\" data-id=\"b9c803c\" data-element_type=\"widget\" data-widget_type=\"bdevs-heading.default\">\n\t\t\t\t<div class=\"elementor-widget-container\">\n\t\t\t            <div class=\"section-title pos-rel tp-el-content\">\n\n            \t                <div class=\"section-icon\">\n                    <img decoding=\"async\" class=\"section-back-icon back-icon-left\" src=\"https:\/\/heramedical.com.tr\/wp-content\/themes\/medidove\/img\/section\/section-back-icon.png\" alt=\"img\">\n                <\/div>\n                \t\n\n                <div class=\"section-text pos-rel\">\n\t\t\t\t\t\t\t\t\t\t<h5 class=\"tp-el-subtitle\">Akl\u0131n\u0131za bir \u015fey mi tak\u0131ld\u0131?<\/h5>\n\t\t\t\t\t\t\n\n                    \t\t\t\t\t<h2 class=\"sec-title tp-el-title\">Bize Sorun<\/h2>\n\t\t\t\t\t\n\t\t\t\t\t\t\t\n                <\/div>\n\n\t\t\t\t\t\t\t\t\t\t\t\t\t\t\t\t\t<div class=\"section-line pos-rel\">\n\t\t\t\t\t\t<img decoding=\"async\" src=\"https:\/\/heramedical.com.tr\/wp-content\/uploads\/2019\/05\/section-title-line.png\" alt=\"img\">\n\t\t\t\t\t<\/div>\n\t\t\t\t\n                                            <\/div>\n\n        \t\t\n\t\t\t<\/div>\n\t\t\t\t<\/div>\n\t\t\t\t\t<\/div>\n\t\t<\/div>\n\t\t\t\t\t<\/div>\n\t\t<\/section>\n\t\t\t\t<section class=\"elementor-section elementor-top-section elementor-element elementor-element-8d0a493 elementor-section-full_width elementor-section-height-default elementor-section-height-default\" data-id=\"8d0a493\" data-element_type=\"section\">\n\t\t\t\t\t\t<div class=\"elementor-container elementor-column-gap-no\">\n\t\t\t\t\t<div class=\"elementor-column elementor-col-100 elementor-top-column elementor-element elementor-element-b778736\" data-id=\"b778736\" data-element_type=\"column\">\n\t\t\t<div class=\"elementor-widget-wrap elementor-element-populated\">\n\t\t\t\t\t\t<div class=\"elementor-element elementor-element-a35301f elementor-align-left elementor-widget elementor-widget-bdevs-contact\" data-id=\"a35301f\" data-element_type=\"widget\" data-widget_type=\"bdevs-contact.default\">\n\t\t\t\t<div class=\"elementor-widget-container\">\n\t\t\t\n        <section class=\"contact-form-area\">\n            <div class=\"container\">\n                <div class=\"form-wrapper\">\n                    <div id=\"contact-form\" class=\"contact-form\">\n                    \t\n<div class=\"wpcf7 no-js\" id=\"wpcf7-f405-o1\" lang=\"en-US\" dir=\"ltr\">\n<div class=\"screen-reader-response\"><p role=\"status\" aria-live=\"polite\" aria-atomic=\"true\"><\/p> <ul><\/ul><\/div>\n<form action=\"\/index.php?rest_route=%2Fwp%2Fv2%2Fpages%2F18#wpcf7-f405-o1\" method=\"post\" class=\"wpcf7-form init\" aria-label=\"Contact form\" novalidate=\"novalidate\" data-status=\"init\">\n<div style=\"display: none;\">\n<input type=\"hidden\" name=\"_wpcf7\" value=\"405\" \/>\n<input type=\"hidden\" name=\"_wpcf7_version\" value=\"5.7.7\" \/>\n<input type=\"hidden\" name=\"_wpcf7_locale\" value=\"en_US\" \/>\n<input type=\"hidden\" name=\"_wpcf7_unit_tag\" value=\"wpcf7-f405-o1\" \/>\n<input type=\"hidden\" name=\"_wpcf7_container_post\" value=\"0\" \/>\n<input type=\"hidden\" name=\"_wpcf7_posted_data_hash\" value=\"\" \/>\n<\/div>\n<div class=\"row\">\n\t<div class=\"col-lg-6\">\n\t\t<div class=\"form-box user-icon mb-30\">\n\t\t\t<p><span class=\"wpcf7-form-control-wrap\" data-name=\"YourName\"><input size=\"40\" class=\"wpcf7-form-control wpcf7-text\" aria-invalid=\"false\" placeholder=\"Your Name\" value=\"\" type=\"text\" name=\"YourName\" \/><\/span>\n\t\t\t<\/p>\n\t\t<\/div>\n\t<\/div>\n\t<div class=\"col-lg-6\">\n\t\t<div class=\"form-box email-icon mb-30\">\n\t\t\t<p><span class=\"wpcf7-form-control-wrap\" data-name=\"YourEmail\"><input size=\"40\" class=\"wpcf7-form-control wpcf7-text wpcf7-email wpcf7-validates-as-email\" aria-invalid=\"false\" placeholder=\"Your Email\" value=\"\" type=\"email\" name=\"YourEmail\" \/><\/span>\n\t\t\t<\/p>\n\t\t<\/div>\n\t<\/div>\n\t<div class=\"col-lg-6\">\n\t\t<div class=\"form-box phone-icon mb-30\">\n\t\t\t<p><span class=\"wpcf7-form-control-wrap\" data-name=\"YourPhone\"><input size=\"40\" class=\"wpcf7-form-control wpcf7-text\" aria-invalid=\"false\" placeholder=\"Your Phone\" value=\"\" type=\"text\" name=\"YourPhone\" \/><\/span>\n\t\t\t<\/p>\n\t\t<\/div>\n\t<\/div>\n\t<div class=\"col-lg-6\">\n\t\t<div class=\"form-box subject-icon mb-30\">\n\t\t\t<p><span class=\"wpcf7-form-control-wrap\" data-name=\"YourSubject\"><input size=\"40\" class=\"wpcf7-form-control wpcf7-text\" aria-invalid=\"false\" placeholder=\"Your Subject\" value=\"\" type=\"text\" name=\"YourSubject\" \/><\/span>\n\t\t\t<\/p>\n\t\t<\/div>\n\t<\/div>\n\t<div class=\"col-lg-12\">\n\t\t<div class=\"form-box message-icon mb-30\">\n\t\t\t<p><span class=\"wpcf7-form-control-wrap\" data-name=\"YourMessage\"><textarea cols=\"40\" rows=\"10\" class=\"wpcf7-form-control wpcf7-textarea\" aria-invalid=\"false\" placeholder=\"Your Message\" name=\"YourMessage\"><\/textarea><\/span>\n\t\t\t<\/p>\n\t\t<\/div>\n\t\t<div class=\"contact-btn text-center\">\n\t\t\t<p><input class=\"wpcf7-form-control has-spinner wpcf7-submit btn btn-icon ml-0\" type=\"submit\" value=\"get action\" \/>\n\t\t\t<\/p>\n\t\t<\/div>\n\t<\/div>\n<\/div><div class=\"wpcf7-response-output\" aria-hidden=\"true\"><\/div>\n<\/form>\n<\/div>\n                    <\/div>\n                <\/div>\n            <\/div>\n        <\/section>\n        \t\n\t\t\t<\/div>\n\t\t\t\t<\/div>\n\t\t\t\t\t<\/div>\n\t\t<\/div>\n\t\t\t\t\t<\/div>\n\t\t<\/section>\n\t\t\t\t<\/div>\n\t\t","protected":false},"excerpt":{"rendered":"<p>E Posta info@heramedical.com.tr Adres Cemalpa\u015fa Mah. Mustafa G\u00fcm\u00fc\u015f Damla Sok. Alt\u0131n Apt. B Blok Kat:3 Daire 7 Seyhan\/ ADANA Telefon 0549 256 53 21 Akl\u0131n\u0131za bir \u015fey mi tak\u0131ld\u0131? Bize Sorun<\/p>\n","protected":false},"author":1,"featured_media":0,"parent":0,"menu_order":0,"comment_status":"closed","ping_status":"closed","template":"elementor_header_footer","meta":{"footnotes":""},"acf":[],"_links":{"self":[{"href":"https:\/\/heramedical.com.tr\/index.php?rest_route=\/wp\/v2\/pages\/18"}],"collection":[{"href":"https:\/\/heramedical.com.tr\/index.php?rest_route=\/wp\/v2\/pages"}],"about":[{"href":"https:\/\/heramedical.com.tr\/index.php?rest_route=\/wp\/v2\/types\/page"}],"author":[{"embeddable":true,"href":"https:\/\/heramedical.com.tr\/index.php?rest_route=\/wp\/v2\/users\/1"}],"replies":[{"embeddable":true,"href":"https:\/\/heramedical.com.tr\/index.php?rest_route=%2Fwp%2Fv2%2Fcomments&post=18"}],"version-history":[{"count":5,"href":"https:\/\/heramedical.com.tr\/index.php?rest_route=\/wp\/v2\/pages\/18\/revisions"}],"predecessor-version":[{"id":2735,"href":"https:\/\/heramedical.com.tr\/index.php?rest_route=\/wp\/v2\/pages\/18\/revisions\/2735"}],"wp:attachment":[{"href":"https:\/\/heramedical.com.tr\/index.php?rest_route=%2Fwp%2Fv2%2Fmedia&parent=18"}],"curies":[{"name":"wp","href":"https:\/\/api.w.org\/{rel}","templated":true}]}}